{"id":869,"date":"2022-08-11T14:36:23","date_gmt":"2022-08-11T19:36:23","guid":{"rendered":"https:\/\/www.livgreeninc.com\/?page_id=869"},"modified":"2022-08-11T14:57:29","modified_gmt":"2022-08-11T19:57:29","slug":"acerca-de-nosotros","status":"publish","type":"page","link":"https:\/\/www.livgreeninc.com\/es\/acerca-de-nosotros\/","title":{"rendered":"acerca de"},"content":{"rendered":"<style>\/*! elementor - v3.5.2 - 22-12-2021 *\/\n.elementor-heading-title{padding:0;margin:0;line-height:1}.elementor-widget-heading .elementor-heading-title[class*=elementor-size-]>a{color:inherit;font-size:inherit;line-height:inherit}.elementor-widget-heading .elementor-heading-title.elementor-size-small{font-size:15px}.elementor-widget-heading .elementor-heading-title.elementor-size-medium{font-size:19px}.elementor-widget-heading .elementor-heading-title.elementor-size-large{font-size:29px}.elementor-widget-heading .elementor-heading-title.elementor-size-xl{font-size:39px}.elementor-widget-heading .elementor-heading-title.elementor-size-xxl{font-size:59px}<\/style>\n<h1>Sobre nosotros<\/h1>\n<h5>Sciense para la naturaleza<br \/><\/h5>\n<h2>Somos el futuro de la agricultura eficiente y ecol\u00f3gica<\/h2>\n<h3>Creemos que vivir en un mundo mejor es posible&#8230; dejar un mundo mejor es nuestra obligaci\u00f3n!!<\/h3>\n<p>LivGreen, Inc, cuenta con un personal de m\u00e1s de 20 a\u00f1os de experiencia en el cuidado de suelos y plantas. Nos complace compartir nuestra experiencia con todos nuestros clientes y tambi\u00e9n ofrecer un servicio personalizado a sus necesidades.<\/p>\n<p>Estamos trabajando muy duro para hacer un cambio en el mundo en el que vivimos, ofreciendo una alternativa limpia para cuidar nuestros jardines, bosques y granjas.<\/p>\n<h5>Algunos datos interesantes<\/h5>\n<h2>Los n\u00fameros hablan por s\u00ed solos<\/h2>\n<style>\/*! elementor - v3.5.2 - 22-12-2021 *\/\n.elementor-counter .elementor-counter-number-wrapper{display:-webkit-box;display:-ms-flexbox;display:flex;font-size:69px;font-weight:600;line-height:1}.elementor-counter .elementor-counter-number-prefix,.elementor-counter .elementor-counter-number-suffix{-webkit-box-flex:1;-ms-flex-positive:1;flex-grow:1;white-space:pre-wrap}.elementor-counter .elementor-counter-number-prefix{text-align:right}.elementor-counter .elementor-counter-number-suffix{text-align:left}.elementor-counter .elementor-counter-title{text-align:center;font-size:19px;font-weight:400;line-height:2.5}<\/style>\n<p>0 Clientes satisfechos 0 a\u00f1os de experiencia 0 pruebas completadas<\/p>\n<style>\/*! elementor - v3.5.2 - 22-12-2021 *\/\n.elementor-widget-image{text-align:center}.elementor-widget-image a{display:inline-block}.elementor-widget-image a img[src$=\".svg\"]{width:48px}.elementor-widget-image img{vertical-align:middle;display:inline-block}<\/style>\n<p><img loading=\"lazy\" decoding=\"async\" width=\"790\" height=\"527\" src=\"http:\/\/www.livgreeninc.com\/wp-content\/uploads\/2021\/12\/151399266--1024x683.jpg\" alt=\"\" srcset=\"https:\/\/www.livgreeninc.com\/wp-content\/uploads\/2021\/12\/151399266--1024x683.jpg 1024w, https:\/\/www.livgreeninc.com\/wp-content\/uploads\/2021\/12\/151399266--300x200.jpg 300w, https:\/\/www.livgreeninc.com\/wp-content\/uploads\/2021\/12\/151399266--768x512.jpg 768w, https:\/\/www.livgreeninc.com\/wp-content\/uploads\/2021\/12\/151399266--600x400.jpg 600w, https:\/\/www.livgreeninc.com\/wp-content\/uploads\/2021\/12\/151399266-.jpg 1300w\" sizes=\"auto, (max-width: 790px) 100vw, 790px\" \/><\/p>\n<style>\/*! elementor - v3.5.2 - 22-12-2021 *\/\n.elementor-widget-image-box .elementor-image-box-content{width:100%}@media (min-width:768px){.elementor-widget-image-box.elementor-position-left .elementor-image-box-wrapper,.elementor-widget-image-box.elementor-position-right .elementor-image-box-wrapper{display:-webkit-box;display:-ms-flexbox;display:flex}.elementor-widget-image-box.elementor-position-right .elementor-image-box-wrapper{text-align:right;-webkit-box-orient:horizontal;-webkit-box-direction:reverse;-ms-flex-direction:row-reverse;flex-direction:row-reverse}.elementor-widget-image-box.elementor-position-left .elementor-image-box-wrapper{text-align:left;-webkit-box-orient:horizontal;-webkit-box-direction:normal;-ms-flex-direction:row;flex-direction:row}.elementor-widget-image-box.elementor-position-top .elementor-image-box-img{margin:auto}.elementor-widget-image-box.elementor-vertical-align-top .elementor-image-box-wrapper{-webkit-box-align:start;-ms-flex-align:start;align-items:flex-start}.elementor-widget-image-box.elementor-vertical-align-middle .elementor-image-box-wrapper{-webkit-box-align:center;-ms-flex-align:center;align-items:center}.elementor-widget-image-box.elementor-vertical-align-bottom .elementor-image-box-wrapper{-webkit-box-align:end;-ms-flex-align:end;align-items:flex-end}}@media (max-width:767px){.elementor-widget-image-box .elementor-image-box-img{margin-left:auto!important;margin-right:auto!important;margin-bottom:15px}}.elementor-widget-image-box .elementor-image-box-img{display:inline-block}.elementor-widget-image-box .elementor-image-box-title a{color:inherit}.elementor-widget-image-box .elementor-image-box-wrapper{text-align:center}.elementor-widget-image-box .elementor-image-box-description{margin:0}<\/style>\n<h4>Amamos la naturaleza<\/h4>\n<p>Sed ut perspiciatis unde omnis. Lorem ipsum dolor sit amet, consectetur adipiscing elit. Ut elit tellus, luctus nec ullamcorper mattis, pulvinar dapibus leo.Excepteur sint occaecat cupidatat non proident, sunt in culpa qui officia deserunt mollit anim id est laborum. Sed ut perspiciatis unde omnis iste natus error sit voluptatem accusantium doloremque laudantium, totam rem aperiam, eaque ipsa quae ab illo inventore veritatis et quasi architecto beatae vitae.<\/p>\n<h4>Es un regalo para nuestro planeta<\/h4>\n<p>Sed ut perspiciatis unde omnis. Lorem ipsum dolor sit amet, consectetur adipiscing elit. Ut elit tellus, luctus nec ullamcorper mattis, pulvinar dapibus leo.Excepteur sint occaecat cupidatat non proident, sunt in culpa qui officia deserunt mollit anim id est laborum. Sed ut perspiciatis unde omnis iste natus error sit voluptatem accusantium doloremque laudantium, totam rem aperiam, eaque ipsa quae ab illo inventore veritatis et quasi architecto beatae vitae.<\/p>\n<h3>Comience con lorem ipsum dolor sit amet consectetur.<\/h3>\n<p><a href=\"#\" role=\"button\"> Aprende m\u00e1s <\/a><\/p>","protected":false},"excerpt":{"rendered":"<p>Sobre nosotros Sciense para la naturaleza Somos el futuro de la agricultura eficiente y ecol\u00f3gica Creemos que vivir en un mundo mejor es posible&#8230; dejar un mundo mejor es nuestra obligaci\u00f3n!! LivGreen, Inc, cuenta con un personal de m\u00e1s de 20 a\u00f1os de experiencia en el cuidado de suelos y plantas. Nos complace compartir nuestra experiencia con todos nuestros clientes y tambi\u00e9n ofrecer un servicio personalizado a sus necesidades. Estamos trabajando muy duro para hacer un cambio en el mundo en el que vivimos, ofreciendo una alternativa limpia para cuidar nuestros jardines, bosques y granjas. Algunos datos interesantes Los n\u00fameros hablan por s\u00ed solos 0 Clientes satisfechos 0 a\u00f1os de experiencia 0 pruebas completadas Amamos la naturaleza Sed ut perspiciatis unde omnis. Lorem ipsum dolor sit amet, consectetur adipiscing elit. Ut elit tellus, luctus nec ullamcorper mattis, pulvinar dapibus leo.Excepteur sint occaecat cupidatat non proident, sunt in culpa qui officia deserunt mollit anim id est laborum. Sed ut perspiciatis unde omnis iste natus error sit voluptatem accusantium doloremque laudantium, totam rem aperiam, eaque ipsa quae ab illo inventore veritatis et quasi architecto beatae vitae. Es un regalo para nuestro planeta Sed ut perspiciatis unde omnis. Lorem ipsum dolor sit amet, consectetur adipiscing elit. Ut elit tellus, luctus nec ullamcorper mattis, pulvinar dapibus leo.Excepteur sint occaecat cupidatat non proident, sunt in culpa qui officia deserunt mollit anim id est laborum. Sed ut perspiciatis unde omnis iste natus error sit voluptatem accusantium doloremque laudantium, totam rem aperiam, eaque ipsa quae ab illo inventore veritatis et quasi architecto beatae vitae. Comience con lorem ipsum dolor sit amet consectetur. Aprende m\u00e1s<\/p>","protected":false},"author":1,"featured_media":0,"parent":0,"menu_order":0,"comment_status":"closed","ping_status":"closed","template":"","meta":{"site-sidebar-layout":"default","site-content-layout":"","ast-site-content-layout":"default","site-content-style":"default","site-sidebar-style":"default","ast-global-header-display":"","ast-banner-title-visibility":"","ast-main-header-display":"","ast-hfb-above-header-display":"","ast-hfb-below-header-display":"","ast-hfb-mobile-header-display":"","site-post-title":"","ast-breadcrumbs-content":"","ast-featured-img":"","footer-sml-layout":"","theme-transparent-header-meta":"","adv-header-id-meta":"","stick-header-meta":"","header-above-stick-meta":"","header-main-stick-meta":"","header-below-stick-meta":"","astra-migrate-meta-layouts":"default","ast-page-background-enabled":"default","ast-page-background-meta":{"desktop":{"background-color":"","background-image":"","background-repeat":"repeat","background-position":"center center","background-size":"auto","background-attachment":"scroll","background-type":"","background-media":"","overlay-type":"","overlay-color":"","overlay-opacity":"","overlay-gradient":""},"tablet":{"background-color":"","background-image":"","background-repeat":"repeat","background-position":"center center","background-size":"auto","background-attachment":"scroll","background-type":"","background-media":"","overlay-type":"","overlay-color":"","overlay-opacity":"","overlay-gradient":""},"mobile":{"background-color":"","background-image":"","background-repeat":"repeat","background-position":"center center","background-size":"auto","background-attachment":"scroll","background-type":"","background-media":"","overlay-type":"","overlay-color":"","overlay-opacity":"","overlay-gradient":""}},"ast-content-background-meta":{"desktop":{"background-color":"var(--ast-global-color-5)","background-image":"","background-repeat":"repeat","background-position":"center center","background-size":"auto","background-attachment":"scroll","background-type":"","background-media":"","overlay-type":"","overlay-color":"","overlay-opacity":"","overlay-gradient":""},"tablet":{"background-color":"var(--ast-global-color-5)","background-image":"","background-repeat":"repeat","background-position":"center center","background-size":"auto","background-attachment":"scroll","background-type":"","background-media":"","overlay-type":"","overlay-color":"","overlay-opacity":"","overlay-gradient":""},"mobile":{"background-color":"var(--ast-global-color-5)","background-image":"","background-repeat":"repeat","background-position":"center center","background-size":"auto","background-attachment":"scroll","background-type":"","background-media":"","overlay-type":"","overlay-color":"","overlay-opacity":"","overlay-gradient":""}},"footnotes":""},"class_list":["post-869","page","type-page","status-publish","hentry"],"_links":{"self":[{"href":"https:\/\/www.livgreeninc.com\/es\/wp-json\/wp\/v2\/pages\/869","targetHints":{"allow":["GET"]}}],"collection":[{"href":"https:\/\/www.livgreeninc.com\/es\/wp-json\/wp\/v2\/pages"}],"about":[{"href":"https:\/\/www.livgreeninc.com\/es\/wp-json\/wp\/v2\/types\/page"}],"author":[{"embeddable":true,"href":"https:\/\/www.livgreeninc.com\/es\/wp-json\/wp\/v2\/users\/1"}],"replies":[{"embeddable":true,"href":"https:\/\/www.livgreeninc.com\/es\/wp-json\/wp\/v2\/comments?post=869"}],"version-history":[{"count":3,"href":"https:\/\/www.livgreeninc.com\/es\/wp-json\/wp\/v2\/pages\/869\/revisions"}],"predecessor-version":[{"id":2038,"href":"https:\/\/www.livgreeninc.com\/es\/wp-json\/wp\/v2\/pages\/869\/revisions\/2038"}],"wp:attachment":[{"href":"https:\/\/www.livgreeninc.com\/es\/wp-json\/wp\/v2\/media?parent=869"}],"curies":[{"name":"wp","href":"https:\/\/api.w.org\/{rel}","templated":true}]}}